{"id":150,"date":"2021-09-17T09:24:36","date_gmt":"2021-09-17T09:24:36","guid":{"rendered":"https:\/\/friede-freude-kindheit.de\/?page_id=150"},"modified":"2025-04-28T09:09:24","modified_gmt":"2025-04-28T09:09:24","slug":"wissenswertes","status":"publish","type":"page","link":"https:\/\/friede-freude-kindheit.de\/?page_id=150","title":{"rendered":"Wissenswertes"},"content":{"rendered":"\n<h2 class=\"wp-block-heading\">Hier entsteht eine Sammlung einiger Themen aus meiner Mindset- Arbeit<\/h2>\n\n\n\n<p><strong>Wie wichtig ist eine Meinung?<\/strong><\/p>\n\n\n\n<p><\/p>\n\n\n\n<p>Ich bringe Kindern bei, dass eine Meinung eben nur ein Gedanke eines anderen Menschen ist. <\/p>\n\n\n\n<p>Wichtig ist aber nur die Meinung, welche die Kinder von sich selbst haben (welches die Eltern massgeblich pr\u00e4gen) <\/p>\n\n\n\n<p>Sie ist Stimmungs- und  Situationsabh\u00e4ngig und hat somit oft \u00fcberhaupt nichts mit dem Kind an sich zu tun. <\/p>\n\n\n\n<p>So lernen die Kinder &#8222;ok, er hat eine Meinung, die muss mich aber nicht (be)treffen&#8220;. Ich w\u00e4hle welche Dinge ich in mein Herz lasse!<\/p>\n\n\n\n<p>Gemobbt werden kann nur der, der sich mobben l\u00e4sst.. also Wert auf Meinungen anderer legt oder sich davon treffen l\u00e4sst..<\/p>\n\n\n\n<p><\/p>\n\n\n\n<p><\/p>\n\n\n\n<p><strong>Kopfkino und seine Entstehung<\/strong><\/p>\n\n\n\n<p><\/p>\n\n\n\n<p>Mein Selbstbild (Kopfkino) pr\u00e4gt meine Gef\u00fchle, diese wiederrum pr\u00e4gen mich in meinem Verhalten und handeln.<\/p>\n\n\n\n<p>Dadurch entsteht eine Au\u00dfenwahrnehmung, welche ich von meinen Mitmenschen gespieglt bekomme (wie ich behandelt werde)<\/p>\n\n\n\n<p>Aus diesen Erfahrungen bildet sich wiederum mein Selbstbild&#8230; ich zeige den Kindern, dass man jederzeit an jeder Stelle aus diesem &#8220; Gedankenwirkungskreislaufs&#8220; aussteigen kann und sich f\u00fcr ein &#8222;gutes Leben voller Friede,Freude und Spass an der Kindheit entscheiden kann.<\/p>\n\n\n\n<p><\/p>\n\n\n\n<p><strong>Superhelden und Tiere<\/strong><\/p>\n\n\n\n<p>helfen mir den Kindern in ihrer Welt n\u00e4her zu kommen und ihnen die Kategorien der einzelnen Verhaltensweisen nahe zu bringen.<\/p>\n\n\n\n<p><\/p>\n\n\n\n<p><strong>Hol dir das Gute ins Leben<\/strong><\/p>\n\n\n\n<p>Zu Beginn jeden Kurses finden wir erst einmal gemeinsam raus warum man eigentlich lebt..um ein sch\u00f6nes Leben zu f\u00fchren.. \ud83d\ude09<\/p>\n\n\n\n<p>Nachdem wir erarbeitet haben was das eigentlich bedeutet (Friede, Freude, Spa\u00df, Liebe, Erfolg, positives, entspanntes Miteinander) schauen wir uns Glaubenss\u00e4tze und die (eigenen) Erwartungen und Gef\u00fchle an.. Was oft ganz sch\u00f6n lustig und ein gro\u00dfes AHA- Erlebnis ist..<\/p>\n\n\n\n<p>Im gesamten Kurs bleibt unser Ziel: kommt man so zu einem guten Leben?<\/p>\n\n\n\n<p><\/p>\n\n\n\n<p><strong>Eltern Reminder:<\/strong><\/p>\n\n\n\n<p>Dein Alltag ist ihre Kindheit<\/p>\n\n\n\n<p>Deine Erziehung legt sich immer auch in dein Erziehungsstil- aber du kannst ihn anpassen auf deine eigene, tats\u00e4chliche Sichtweise.<\/p>\n","protected":false},"excerpt":{"rendered":"<p>Hier entsteht eine Sammlung einiger Themen aus meiner Mindset- Arbeit Wie wichtig ist eine Meinung? Ich bringe Kindern bei, dass eine Meinung eben nur ein Gedanke eines anderen Menschen ist. Wichtig ist aber nur die Meinung, welche die Kinder von [&hellip;]<\/p>\n","protected":false},"author":1,"featured_media":0,"parent":0,"menu_order":0,"comment_status":"closed","ping_status":"closed","template":"","meta":{"footnotes":""},"class_list":["post-150","page","type-page","status-publish","hentry"],"yoast_head":"<!-- This site is optimized with the Yoast SEO plugin v19.13 - https:\/\/yoast.com\/wordpress\/plugins\/seo\/ -->\n<title>Wissenswertes - Friede, Freude, Kindheit<\/title>\n<meta name=\"robots\" content=\"index, follow, max-snippet:-1, max-image-preview:large, max-video-preview:-1\" \/>\n<link rel=\"canonical\" href=\"https:\/\/friede-freude-kindheit.de\/?page_id=150\" \/>\n<meta property=\"og:locale\" content=\"de_DE\" \/>\n<meta property=\"og:type\" content=\"article\" \/>\n<meta property=\"og:title\" content=\"Wissenswertes - Friede, Freude, Kindheit\" \/>\n<meta property=\"og:description\" content=\"Hier entsteht eine Sammlung einiger Themen aus meiner Mindset- Arbeit Wie wichtig ist eine Meinung? Ich bringe Kindern bei, dass eine Meinung eben nur ein Gedanke eines anderen Menschen ist. Wichtig ist aber nur die Meinung, welche die Kinder von [&hellip;]\" \/>\n<meta property=\"og:url\" content=\"https:\/\/friede-freude-kindheit.de\/?page_id=150\" \/>\n<meta property=\"og:site_name\" content=\"Friede, Freude, Kindheit\" \/>\n<meta property=\"article:modified_time\" content=\"2025-04-28T09:09:24+00:00\" \/>\n<meta name=\"twitter:card\" content=\"summary_large_image\" \/>\n<meta name=\"twitter:label1\" content=\"Gesch\u00e4tzte Lesezeit\" \/>\n\t<meta name=\"twitter:data1\" content=\"2\u00a0Minuten\" \/>\n<script type=\"application\/ld+json\" class=\"yoast-schema-graph\">{\"@context\":\"https:\/\/schema.org\",\"@graph\":[{\"@type\":\"WebPage\",\"@id\":\"https:\/\/friede-freude-kindheit.de\/?page_id=150\",\"url\":\"https:\/\/friede-freude-kindheit.de\/?page_id=150\",\"name\":\"Wissenswertes - Friede, Freude, Kindheit\",\"isPartOf\":{\"@id\":\"https:\/\/friede-freude-kindheit.de\/#website\"},\"datePublished\":\"2021-09-17T09:24:36+00:00\",\"dateModified\":\"2025-04-28T09:09:24+00:00\",\"breadcrumb\":{\"@id\":\"https:\/\/friede-freude-kindheit.de\/?page_id=150#breadcrumb\"},\"inLanguage\":\"de\",\"potentialAction\":[{\"@type\":\"ReadAction\",\"target\":[\"https:\/\/friede-freude-kindheit.de\/?page_id=150\"]}]},{\"@type\":\"BreadcrumbList\",\"@id\":\"https:\/\/friede-freude-kindheit.de\/?page_id=150#breadcrumb\",\"itemListElement\":[{\"@type\":\"ListItem\",\"position\":1,\"name\":\"Startseite\",\"item\":\"https:\/\/friede-freude-kindheit.de\/\"},{\"@type\":\"ListItem\",\"position\":2,\"name\":\"Wissenswertes\"}]},{\"@type\":\"WebSite\",\"@id\":\"https:\/\/friede-freude-kindheit.de\/#website\",\"url\":\"https:\/\/friede-freude-kindheit.de\/\",\"name\":\"Friede, Freude, Kindheit\",\"description\":\"Anti-Mobbing-Training mal anders\",\"potentialAction\":[{\"@type\":\"SearchAction\",\"target\":{\"@type\":\"EntryPoint\",\"urlTemplate\":\"https:\/\/friede-freude-kindheit.de\/?s={search_term_string}\"},\"query-input\":\"required name=search_term_string\"}],\"inLanguage\":\"de\"}]}<\/script>\n<!-- \/ Yoast SEO plugin. -->","yoast_head_json":{"title":"Wissenswertes - Friede, Freude, Kindheit","robots":{"index":"index","follow":"follow","max-snippet":"max-snippet:-1","max-image-preview":"max-image-preview:large","max-video-preview":"max-video-preview:-1"},"canonical":"https:\/\/friede-freude-kindheit.de\/?page_id=150","og_locale":"de_DE","og_type":"article","og_title":"Wissenswertes - Friede, Freude, Kindheit","og_description":"Hier entsteht eine Sammlung einiger Themen aus meiner Mindset- Arbeit Wie wichtig ist eine Meinung? Ich bringe Kindern bei, dass eine Meinung eben nur ein Gedanke eines anderen Menschen ist. Wichtig ist aber nur die Meinung, welche die Kinder von [&hellip;]","og_url":"https:\/\/friede-freude-kindheit.de\/?page_id=150","og_site_name":"Friede, Freude, Kindheit","article_modified_time":"2025-04-28T09:09:24+00:00","twitter_card":"summary_large_image","twitter_misc":{"Gesch\u00e4tzte Lesezeit":"2\u00a0Minuten"},"schema":{"@context":"https:\/\/schema.org","@graph":[{"@type":"WebPage","@id":"https:\/\/friede-freude-kindheit.de\/?page_id=150","url":"https:\/\/friede-freude-kindheit.de\/?page_id=150","name":"Wissenswertes - Friede, Freude, Kindheit","isPartOf":{"@id":"https:\/\/friede-freude-kindheit.de\/#website"},"datePublished":"2021-09-17T09:24:36+00:00","dateModified":"2025-04-28T09:09:24+00:00","breadcrumb":{"@id":"https:\/\/friede-freude-kindheit.de\/?page_id=150#breadcrumb"},"inLanguage":"de","potentialAction":[{"@type":"ReadAction","target":["https:\/\/friede-freude-kindheit.de\/?page_id=150"]}]},{"@type":"BreadcrumbList","@id":"https:\/\/friede-freude-kindheit.de\/?page_id=150#breadcrumb","itemListElement":[{"@type":"ListItem","position":1,"name":"Startseite","item":"https:\/\/friede-freude-kindheit.de\/"},{"@type":"ListItem","position":2,"name":"Wissenswertes"}]},{"@type":"WebSite","@id":"https:\/\/friede-freude-kindheit.de\/#website","url":"https:\/\/friede-freude-kindheit.de\/","name":"Friede, Freude, Kindheit","description":"Anti-Mobbing-Training mal anders","potentialAction":[{"@type":"SearchAction","target":{"@type":"EntryPoint","urlTemplate":"https:\/\/friede-freude-kindheit.de\/?s={search_term_string}"},"query-input":"required name=search_term_string"}],"inLanguage":"de"}]}},"_links":{"self":[{"href":"https:\/\/friede-freude-kindheit.de\/index.php?rest_route=\/wp\/v2\/pages\/150","targetHints":{"allow":["GET"]}}],"collection":[{"href":"https:\/\/friede-freude-kindheit.de\/index.php?rest_route=\/wp\/v2\/pages"}],"about":[{"href":"https:\/\/friede-freude-kindheit.de\/index.php?rest_route=\/wp\/v2\/types\/page"}],"author":[{"embeddable":true,"href":"https:\/\/friede-freude-kindheit.de\/index.php?rest_route=\/wp\/v2\/users\/1"}],"replies":[{"embeddable":true,"href":"https:\/\/friede-freude-kindheit.de\/index.php?rest_route=%2Fwp%2Fv2%2Fcomments&post=150"}],"version-history":[{"count":7,"href":"https:\/\/friede-freude-kindheit.de\/index.php?rest_route=\/wp\/v2\/pages\/150\/revisions"}],"predecessor-version":[{"id":462,"href":"https:\/\/friede-freude-kindheit.de\/index.php?rest_route=\/wp\/v2\/pages\/150\/revisions\/462"}],"wp:attachment":[{"href":"https:\/\/friede-freude-kindheit.de\/index.php?rest_route=%2Fwp%2Fv2%2Fmedia&parent=150"}],"curies":[{"name":"wp","href":"https:\/\/api.w.org\/{rel}","templated":true}]}}