{"id":2,"date":"2016-05-10T03:48:21","date_gmt":"2016-05-10T03:48:21","guid":{"rendered":"https:\/\/friede-freude-kindheit.de\/?page_id=2"},"modified":"2022-05-31T14:54:29","modified_gmt":"2022-05-31T14:54:29","slug":"sample-page","status":"publish","type":"page","link":"https:\/\/friede-freude-kindheit.de\/","title":{"rendered":"Friede, Freude, Kindheit"},"content":{"rendered":"\n<p><strong>Resilienz- und Selbstbehauptungstraining mit &#8222;mortz viel Spa\u00df&#8220;<\/strong><br>Mehr (Selbst-) Sicherheit und Respekt im Alltag, bitte!<\/p>\n\n\n\n<p><strong>Jedes 3. Kind in Deutschland leidet unter Konflikten und \u00fcblem Stress.<\/strong><br>Die Kinder erfahren in &#8222;Friede, Freude, Kindheit &#8211; Kursen interaktiv und spielerisch die Wirkung von K\u00f6rpersprache und Mimik. Auch lernen sie, wie dies mit Au\u00dfenwirkung und Selbstbewusstsein bzw. Selbstwahrnehmung zusammen h\u00e4ngt und somit ihr Leben ver\u00e4ndert und sie sich &#8222;das Gute&#8220; in ihr Leben holen.<\/p>\n\n\n\n<p>Da die Pr\u00e4ventionsarbeit in Kita\u00b4s und Schulen oft durch Zeit- und Personalmangel zu kurz kommt, unterst\u00fctze ich hier durch Vorortkurse, Elterninformationen und Teamschulungen. <\/p>\n\n\n\n<p>Auch direkt betroffenen Kindern und ihren Familien, in Konfliktsituationen M\u00f6glichkeiten der Ver\u00e4nderung zu zeigen, geh\u00f6rt dazu.<\/p>\n\n\n\n<p><strong>Anti-Mobbing-Training mal anders<\/strong>&#8230; <strong>dieses Konzept, mich und mein &#8222;Warum&#8220; m\u00f6chte ich Euch auf den n\u00e4chsten Seiten kurz vorstellen.<\/strong><\/p>\n\n\n\n<p><\/p>\n","protected":false},"excerpt":{"rendered":"<p>Resilienz- und Selbstbehauptungstraining mit &#8222;mortz viel Spa\u00df&#8220;Mehr (Selbst-) Sicherheit und Respekt im Alltag, bitte! Jedes 3. Kind in Deutschland leidet unter Konflikten und \u00fcblem Stress.Die Kinder erfahren in &#8222;Friede, Freude, Kindheit &#8211; Kursen interaktiv und spielerisch die Wirkung von K\u00f6rpersprache [&hellip;]<\/p>\n","protected":false},"author":1,"featured_media":0,"parent":0,"menu_order":0,"comment_status":"closed","ping_status":"open","template":"","meta":{"footnotes":""},"class_list":["post-2","page","type-page","status-publish","hentry"],"yoast_head":"<!-- This site is optimized with the Yoast SEO plugin v19.13 - https:\/\/yoast.com\/wordpress\/plugins\/seo\/ -->\n<title>Friede, Freude, Kindheit - Friede, Freude, Kindheit<\/title>\n<meta name=\"robots\" content=\"index, follow, max-snippet:-1, max-image-preview:large, max-video-preview:-1\" \/>\n<link rel=\"canonical\" href=\"https:\/\/friede-freude-kindheit.de\/\" \/>\n<meta property=\"og:locale\" content=\"de_DE\" \/>\n<meta property=\"og:type\" content=\"article\" \/>\n<meta property=\"og:title\" content=\"Friede, Freude, Kindheit - Friede, Freude, Kindheit\" \/>\n<meta property=\"og:description\" content=\"Resilienz- und Selbstbehauptungstraining mit &#8222;mortz viel Spa\u00df&#8220;Mehr (Selbst-) Sicherheit und Respekt im Alltag, bitte! Jedes 3. Kind in Deutschland leidet unter Konflikten und \u00fcblem Stress.Die Kinder erfahren in &#8222;Friede, Freude, Kindheit &#8211; Kursen interaktiv und spielerisch die Wirkung von K\u00f6rpersprache [&hellip;]\" \/>\n<meta property=\"og:url\" content=\"https:\/\/friede-freude-kindheit.de\/\" \/>\n<meta property=\"og:site_name\" content=\"Friede, Freude, Kindheit\" \/>\n<meta property=\"article:modified_time\" content=\"2022-05-31T14:54:29+00:00\" \/>\n<meta name=\"twitter:card\" content=\"summary_large_image\" \/>\n<meta name=\"twitter:label1\" content=\"Gesch\u00e4tzte Lesezeit\" \/>\n\t<meta name=\"twitter:data1\" content=\"1\u00a0Minute\" \/>\n<script type=\"application\/ld+json\" class=\"yoast-schema-graph\">{\"@context\":\"https:\/\/schema.org\",\"@graph\":[{\"@type\":\"WebPage\",\"@id\":\"https:\/\/friede-freude-kindheit.de\/\",\"url\":\"https:\/\/friede-freude-kindheit.de\/\",\"name\":\"Friede, Freude, Kindheit - Friede, Freude, Kindheit\",\"isPartOf\":{\"@id\":\"https:\/\/friede-freude-kindheit.de\/#website\"},\"datePublished\":\"2016-05-10T03:48:21+00:00\",\"dateModified\":\"2022-05-31T14:54:29+00:00\",\"breadcrumb\":{\"@id\":\"https:\/\/friede-freude-kindheit.de\/#breadcrumb\"},\"inLanguage\":\"de\",\"potentialAction\":[{\"@type\":\"ReadAction\",\"target\":[\"https:\/\/friede-freude-kindheit.de\/\"]}]},{\"@type\":\"BreadcrumbList\",\"@id\":\"https:\/\/friede-freude-kindheit.de\/#breadcrumb\",\"itemListElement\":[{\"@type\":\"ListItem\",\"position\":1,\"name\":\"Startseite\",\"item\":\"https:\/\/friede-freude-kindheit.de\/\"},{\"@type\":\"ListItem\",\"position\":2,\"name\":\"Friede, Freude, Kindheit\"}]},{\"@type\":\"WebSite\",\"@id\":\"https:\/\/friede-freude-kindheit.de\/#website\",\"url\":\"https:\/\/friede-freude-kindheit.de\/\",\"name\":\"Friede, Freude, Kindheit\",\"description\":\"Anti-Mobbing-Training mal anders\",\"potentialAction\":[{\"@type\":\"SearchAction\",\"target\":{\"@type\":\"EntryPoint\",\"urlTemplate\":\"https:\/\/friede-freude-kindheit.de\/?s={search_term_string}\"},\"query-input\":\"required name=search_term_string\"}],\"inLanguage\":\"de\"}]}<\/script>\n<!-- \/ Yoast SEO plugin. -->","yoast_head_json":{"title":"Friede, Freude, Kindheit - Friede, Freude, Kindheit","robots":{"index":"index","follow":"follow","max-snippet":"max-snippet:-1","max-image-preview":"max-image-preview:large","max-video-preview":"max-video-preview:-1"},"canonical":"https:\/\/friede-freude-kindheit.de\/","og_locale":"de_DE","og_type":"article","og_title":"Friede, Freude, Kindheit - Friede, Freude, Kindheit","og_description":"Resilienz- und Selbstbehauptungstraining mit &#8222;mortz viel Spa\u00df&#8220;Mehr (Selbst-) Sicherheit und Respekt im Alltag, bitte! Jedes 3. Kind in Deutschland leidet unter Konflikten und \u00fcblem Stress.Die Kinder erfahren in &#8222;Friede, Freude, Kindheit &#8211; Kursen interaktiv und spielerisch die Wirkung von K\u00f6rpersprache [&hellip;]","og_url":"https:\/\/friede-freude-kindheit.de\/","og_site_name":"Friede, Freude, Kindheit","article_modified_time":"2022-05-31T14:54:29+00:00","twitter_card":"summary_large_image","twitter_misc":{"Gesch\u00e4tzte Lesezeit":"1\u00a0Minute"},"schema":{"@context":"https:\/\/schema.org","@graph":[{"@type":"WebPage","@id":"https:\/\/friede-freude-kindheit.de\/","url":"https:\/\/friede-freude-kindheit.de\/","name":"Friede, Freude, Kindheit - Friede, Freude, Kindheit","isPartOf":{"@id":"https:\/\/friede-freude-kindheit.de\/#website"},"datePublished":"2016-05-10T03:48:21+00:00","dateModified":"2022-05-31T14:54:29+00:00","breadcrumb":{"@id":"https:\/\/friede-freude-kindheit.de\/#breadcrumb"},"inLanguage":"de","potentialAction":[{"@type":"ReadAction","target":["https:\/\/friede-freude-kindheit.de\/"]}]},{"@type":"BreadcrumbList","@id":"https:\/\/friede-freude-kindheit.de\/#breadcrumb","itemListElement":[{"@type":"ListItem","position":1,"name":"Startseite","item":"https:\/\/friede-freude-kindheit.de\/"},{"@type":"ListItem","position":2,"name":"Friede, Freude, Kindheit"}]},{"@type":"WebSite","@id":"https:\/\/friede-freude-kindheit.de\/#website","url":"https:\/\/friede-freude-kindheit.de\/","name":"Friede, Freude, Kindheit","description":"Anti-Mobbing-Training mal anders","potentialAction":[{"@type":"SearchAction","target":{"@type":"EntryPoint","urlTemplate":"https:\/\/friede-freude-kindheit.de\/?s={search_term_string}"},"query-input":"required name=search_term_string"}],"inLanguage":"de"}]}},"_links":{"self":[{"href":"https:\/\/friede-freude-kindheit.de\/index.php?rest_route=\/wp\/v2\/pages\/2","targetHints":{"allow":["GET"]}}],"collection":[{"href":"https:\/\/friede-freude-kindheit.de\/index.php?rest_route=\/wp\/v2\/pages"}],"about":[{"href":"https:\/\/friede-freude-kindheit.de\/index.php?rest_route=\/wp\/v2\/types\/page"}],"author":[{"embeddable":true,"href":"https:\/\/friede-freude-kindheit.de\/index.php?rest_route=\/wp\/v2\/users\/1"}],"replies":[{"embeddable":true,"href":"https:\/\/friede-freude-kindheit.de\/index.php?rest_route=%2Fwp%2Fv2%2Fcomments&post=2"}],"version-history":[{"count":26,"href":"https:\/\/friede-freude-kindheit.de\/index.php?rest_route=\/wp\/v2\/pages\/2\/revisions"}],"predecessor-version":[{"id":340,"href":"https:\/\/friede-freude-kindheit.de\/index.php?rest_route=\/wp\/v2\/pages\/2\/revisions\/340"}],"wp:attachment":[{"href":"https:\/\/friede-freude-kindheit.de\/index.php?rest_route=%2Fwp%2Fv2%2Fmedia&parent=2"}],"curies":[{"name":"wp","href":"https:\/\/api.w.org\/{rel}","templated":true}]}}