{"id":49,"date":"2021-08-08T09:50:23","date_gmt":"2021-08-08T09:50:23","guid":{"rendered":"https:\/\/friede-freude-kindheit.de\/?page_id=49"},"modified":"2022-05-31T15:02:27","modified_gmt":"2022-05-31T15:02:27","slug":"das-programm","status":"publish","type":"page","link":"https:\/\/friede-freude-kindheit.de\/?page_id=49","title":{"rendered":"Was mache ich eigentlich.."},"content":{"rendered":"\n<p>Ich erkl\u00e4re den Kindern in Rollenspielen und mit interaktiven Alltagssituationen, warum die Meinungen und Beleidigungen anderer sie nicht betreffen m\u00fcssen und wie sie sich diesen entziehen k\u00f6nnen. Die Rolle der motzigen, \u00e4rgernden &#8222;Stressika&#8220; sorgt dabei f\u00fcr viele Lacher und Aha-Effekte.<\/p>\n\n\n\n<p><strong>Sich selbst wahr und ernst nehmen sch\u00fctzt<\/strong><br>Dies sind die Grundlagen um Kinder vor Mobbing und emotionalem Stress zu sch\u00fctzen. Gef\u00fchle wahrnehmen und ausdr\u00fccken, an Hand ihres &#8222;inneren Gef\u00fchlskompasses&#8220;  hilft den Kindern, gute emotionale F\u00e4higkeiten zu entwickeln.   <\/p>\n\n\n\n<p>Kinder mit emphatischer Kompetenz und positivem Mindset besitzen meist ein gutes Selbstvertrauen. Sie haben keine Angst davor, eigenen Gef\u00fchlen Platz einzur\u00e4umen. Sie nehmen sich den Raum daf\u00fcr und lassen diesen auch anderen, denn sie wissen um die M\u00f6glichkeiten Kompromisse einzugehen, sich abzugrenzen bzw. Abgrenzung anderer zu zulassen. Wir \u00fcben spielerisch, sich negativen Situationen einfach zu entziehen.<\/p>\n\n\n\n<p><strong>Klare Kommunikation gegen den Frust<\/strong><br>Das \u00dcben selbstsicherer, einfacher und klarer Kommunikation hilft den Kindern sich besser verst\u00e4ndlich zu machen und somit weniger Frust zu erleben. &#8222;Komm zum Punkt&#8220; ist ein lustiges Rollenspiel, welches die Erwachsenen immer wieder staunen l\u00e4sst, wie klar Kinder ihre Bed\u00fcrfnisse ausdr\u00fccken k\u00f6nnen wenn sie angeleitet werden..<\/p>\n\n\n\n<p><br><strong>Eltern zeigen was ihre Kinder eigentlich alles k\u00f6nnen<\/strong><br>So k\u00f6nnen Eltern sicher sein, dass ihre Kinder auch mit schwierigen Situationen gut umgehen k\u00f6nnen. Dies wird sich positiv auf den (Familien-\/ Kita-) Alltag, aber vor allem auch auf den weiteren Lebensweg der Kinder auswirken.<\/p>\n\n\n\n<p><\/p>\n\n\n\n<p><\/p>\n\n\n\n<p>&nbsp;<\/p>\n","protected":false},"excerpt":{"rendered":"<p>Ich erkl\u00e4re den Kindern in Rollenspielen und mit interaktiven Alltagssituationen, warum die Meinungen und Beleidigungen anderer sie nicht betreffen m\u00fcssen und wie sie sich diesen entziehen k\u00f6nnen. Die Rolle der motzigen, \u00e4rgernden &#8222;Stressika&#8220; sorgt dabei f\u00fcr viele Lacher und Aha-Effekte. [&hellip;]<\/p>\n","protected":false},"author":1,"featured_media":0,"parent":0,"menu_order":0,"comment_status":"closed","ping_status":"closed","template":"","meta":{"footnotes":""},"class_list":["post-49","page","type-page","status-publish","hentry"],"yoast_head":"<!-- This site is optimized with the Yoast SEO plugin v19.13 - https:\/\/yoast.com\/wordpress\/plugins\/seo\/ -->\n<title>Was mache ich eigentlich.. - Friede, Freude, Kindheit<\/title>\n<meta name=\"robots\" content=\"index, follow, max-snippet:-1, max-image-preview:large, max-video-preview:-1\" \/>\n<link rel=\"canonical\" href=\"https:\/\/friede-freude-kindheit.de\/?page_id=49\" \/>\n<meta property=\"og:locale\" content=\"de_DE\" \/>\n<meta property=\"og:type\" content=\"article\" \/>\n<meta property=\"og:title\" content=\"Was mache ich eigentlich.. - Friede, Freude, Kindheit\" \/>\n<meta property=\"og:description\" content=\"Ich erkl\u00e4re den Kindern in Rollenspielen und mit interaktiven Alltagssituationen, warum die Meinungen und Beleidigungen anderer sie nicht betreffen m\u00fcssen und wie sie sich diesen entziehen k\u00f6nnen. Die Rolle der motzigen, \u00e4rgernden &#8222;Stressika&#8220; sorgt dabei f\u00fcr viele Lacher und Aha-Effekte. [&hellip;]\" \/>\n<meta property=\"og:url\" content=\"https:\/\/friede-freude-kindheit.de\/?page_id=49\" \/>\n<meta property=\"og:site_name\" content=\"Friede, Freude, Kindheit\" \/>\n<meta property=\"article:modified_time\" content=\"2022-05-31T15:02:27+00:00\" \/>\n<meta name=\"twitter:card\" content=\"summary_large_image\" \/>\n<meta name=\"twitter:label1\" content=\"Gesch\u00e4tzte Lesezeit\" \/>\n\t<meta name=\"twitter:data1\" content=\"1\u00a0Minute\" \/>\n<script type=\"application\/ld+json\" class=\"yoast-schema-graph\">{\"@context\":\"https:\/\/schema.org\",\"@graph\":[{\"@type\":\"WebPage\",\"@id\":\"https:\/\/friede-freude-kindheit.de\/?page_id=49\",\"url\":\"https:\/\/friede-freude-kindheit.de\/?page_id=49\",\"name\":\"Was mache ich eigentlich.. - Friede, Freude, Kindheit\",\"isPartOf\":{\"@id\":\"https:\/\/friede-freude-kindheit.de\/#website\"},\"datePublished\":\"2021-08-08T09:50:23+00:00\",\"dateModified\":\"2022-05-31T15:02:27+00:00\",\"breadcrumb\":{\"@id\":\"https:\/\/friede-freude-kindheit.de\/?page_id=49#breadcrumb\"},\"inLanguage\":\"de\",\"potentialAction\":[{\"@type\":\"ReadAction\",\"target\":[\"https:\/\/friede-freude-kindheit.de\/?page_id=49\"]}]},{\"@type\":\"BreadcrumbList\",\"@id\":\"https:\/\/friede-freude-kindheit.de\/?page_id=49#breadcrumb\",\"itemListElement\":[{\"@type\":\"ListItem\",\"position\":1,\"name\":\"Startseite\",\"item\":\"https:\/\/friede-freude-kindheit.de\/\"},{\"@type\":\"ListItem\",\"position\":2,\"name\":\"Was mache ich eigentlich..\"}]},{\"@type\":\"WebSite\",\"@id\":\"https:\/\/friede-freude-kindheit.de\/#website\",\"url\":\"https:\/\/friede-freude-kindheit.de\/\",\"name\":\"Friede, Freude, Kindheit\",\"description\":\"Anti-Mobbing-Training mal anders\",\"potentialAction\":[{\"@type\":\"SearchAction\",\"target\":{\"@type\":\"EntryPoint\",\"urlTemplate\":\"https:\/\/friede-freude-kindheit.de\/?s={search_term_string}\"},\"query-input\":\"required name=search_term_string\"}],\"inLanguage\":\"de\"}]}<\/script>\n<!-- \/ Yoast SEO plugin. -->","yoast_head_json":{"title":"Was mache ich eigentlich.. - Friede, Freude, Kindheit","robots":{"index":"index","follow":"follow","max-snippet":"max-snippet:-1","max-image-preview":"max-image-preview:large","max-video-preview":"max-video-preview:-1"},"canonical":"https:\/\/friede-freude-kindheit.de\/?page_id=49","og_locale":"de_DE","og_type":"article","og_title":"Was mache ich eigentlich.. - Friede, Freude, Kindheit","og_description":"Ich erkl\u00e4re den Kindern in Rollenspielen und mit interaktiven Alltagssituationen, warum die Meinungen und Beleidigungen anderer sie nicht betreffen m\u00fcssen und wie sie sich diesen entziehen k\u00f6nnen. Die Rolle der motzigen, \u00e4rgernden &#8222;Stressika&#8220; sorgt dabei f\u00fcr viele Lacher und Aha-Effekte. [&hellip;]","og_url":"https:\/\/friede-freude-kindheit.de\/?page_id=49","og_site_name":"Friede, Freude, Kindheit","article_modified_time":"2022-05-31T15:02:27+00:00","twitter_card":"summary_large_image","twitter_misc":{"Gesch\u00e4tzte Lesezeit":"1\u00a0Minute"},"schema":{"@context":"https:\/\/schema.org","@graph":[{"@type":"WebPage","@id":"https:\/\/friede-freude-kindheit.de\/?page_id=49","url":"https:\/\/friede-freude-kindheit.de\/?page_id=49","name":"Was mache ich eigentlich.. - Friede, Freude, Kindheit","isPartOf":{"@id":"https:\/\/friede-freude-kindheit.de\/#website"},"datePublished":"2021-08-08T09:50:23+00:00","dateModified":"2022-05-31T15:02:27+00:00","breadcrumb":{"@id":"https:\/\/friede-freude-kindheit.de\/?page_id=49#breadcrumb"},"inLanguage":"de","potentialAction":[{"@type":"ReadAction","target":["https:\/\/friede-freude-kindheit.de\/?page_id=49"]}]},{"@type":"BreadcrumbList","@id":"https:\/\/friede-freude-kindheit.de\/?page_id=49#breadcrumb","itemListElement":[{"@type":"ListItem","position":1,"name":"Startseite","item":"https:\/\/friede-freude-kindheit.de\/"},{"@type":"ListItem","position":2,"name":"Was mache ich eigentlich.."}]},{"@type":"WebSite","@id":"https:\/\/friede-freude-kindheit.de\/#website","url":"https:\/\/friede-freude-kindheit.de\/","name":"Friede, Freude, Kindheit","description":"Anti-Mobbing-Training mal anders","potentialAction":[{"@type":"SearchAction","target":{"@type":"EntryPoint","urlTemplate":"https:\/\/friede-freude-kindheit.de\/?s={search_term_string}"},"query-input":"required name=search_term_string"}],"inLanguage":"de"}]}},"_links":{"self":[{"href":"https:\/\/friede-freude-kindheit.de\/index.php?rest_route=\/wp\/v2\/pages\/49","targetHints":{"allow":["GET"]}}],"collection":[{"href":"https:\/\/friede-freude-kindheit.de\/index.php?rest_route=\/wp\/v2\/pages"}],"about":[{"href":"https:\/\/friede-freude-kindheit.de\/index.php?rest_route=\/wp\/v2\/types\/page"}],"author":[{"embeddable":true,"href":"https:\/\/friede-freude-kindheit.de\/index.php?rest_route=\/wp\/v2\/users\/1"}],"replies":[{"embeddable":true,"href":"https:\/\/friede-freude-kindheit.de\/index.php?rest_route=%2Fwp%2Fv2%2Fcomments&post=49"}],"version-history":[{"count":12,"href":"https:\/\/friede-freude-kindheit.de\/index.php?rest_route=\/wp\/v2\/pages\/49\/revisions"}],"predecessor-version":[{"id":347,"href":"https:\/\/friede-freude-kindheit.de\/index.php?rest_route=\/wp\/v2\/pages\/49\/revisions\/347"}],"wp:attachment":[{"href":"https:\/\/friede-freude-kindheit.de\/index.php?rest_route=%2Fwp%2Fv2%2Fmedia&parent=49"}],"curies":[{"name":"wp","href":"https:\/\/api.w.org\/{rel}","templated":true}]}}